{"id":65,"date":"2026-03-07T01:11:05","date_gmt":"2026-03-07T01:11:05","guid":{"rendered":"http:\/\/radwjdv.cluster121.hosting.ovh.net\/?page_id=65"},"modified":"2026-03-07T01:24:55","modified_gmt":"2026-03-07T01:24:55","slug":"serives","status":"publish","type":"page","link":"https:\/\/advancedworks-dz.com\/index.php\/serives\/","title":{"rendered":"Serives"},"content":{"rendered":"\t\t<div data-elementor-type=\"wp-page\" data-elementor-id=\"65\" class=\"elementor elementor-65\">\n\t\t\t\t<div class=\"elementor-element elementor-element-09ad0c6 e-flex e-con-boxed e-con e-parent\" data-id=\"09ad0c6\" data-element_type=\"container\" data-e-type=\"container\">\n\t\t\t\t\t<div class=\"e-con-inner\">\n\t\t\t\t<div class=\"elementor-element elementor-element-ec9ca24 elementor-widget elementor-widget-heading\" data-id=\"ec9ca24\" data-element_type=\"widget\" data-e-type=\"widget\" data-widget_type=\"heading.default\">\n\t\t\t\t\t<h2 class=\"elementor-heading-title elementor-size-default\">Nos services<\/h2>\t\t\t\t<\/div>\n\t\t\t\t\t<\/div>\n\t\t\t\t<\/div>\n\t\t<div class=\"elementor-element elementor-element-0ebb820 e-flex e-con-boxed e-con e-parent\" data-id=\"0ebb820\" data-element_type=\"container\" data-e-type=\"container\">\n\t\t\t\t\t<div class=\"e-con-inner\">\n\t\t\t\t<div class=\"elementor-element elementor-element-eff0cec elementor-widget elementor-widget-heading\" data-id=\"eff0cec\" data-element_type=\"widget\" data-e-type=\"widget\" data-widget_type=\"heading.default\">\n\t\t\t\t\t<h2 class=\"elementor-heading-title elementor-size-default\">Advanced Works Company intervient dans les travaux publics,\nle terrassement, les r\u00e9seaux VRD et les infrastructures.<\/h2>\t\t\t\t<\/div>\n\t\t\t\t\t<\/div>\n\t\t\t\t<\/div>\n\t\t<div class=\"elementor-element elementor-element-5d2074a e-flex e-con-boxed e-con e-parent\" data-id=\"5d2074a\" data-element_type=\"container\" data-e-type=\"container\">\n\t\t\t\t\t<div class=\"e-con-inner\">\n\t\t<div class=\"elementor-element elementor-element-8f121c6 e-con-full e-flex e-con e-child\" data-id=\"8f121c6\" data-element_type=\"container\" data-e-type=\"container\">\n\t\t\t\t<div class=\"elementor-element elementor-element-c232326 elementor-widget elementor-widget-image\" data-id=\"c232326\" data-element_type=\"widget\" data-e-type=\"widget\" data-widget_type=\"image.default\">\n\t\t\t\t\t\t\t\t\t\t\t\t\t\t\t\t<a href=\"http:\/\/radwjdv.cluster121.hosting.ovh.net\/wp-content\/uploads\/2026\/03\/1E6649AD-E3DE-4990-8D9F-CE2B886F255E_1_105_c.jpeg\" data-elementor-open-lightbox=\"yes\" data-elementor-lightbox-title=\"1E6649AD-E3DE-4990-8D9F-CE2B886F255E_1_105_c\" data-e-action-hash=\"#elementor-action%3Aaction%3Dlightbox%26settings%3DeyJpZCI6MjAsInVybCI6Imh0dHBzOlwvXC9hZHZhbmNlZHdvcmtzLWR6LmNvbVwvd3AtY29udGVudFwvdXBsb2Fkc1wvMjAyNlwvMDNcLzFFNjY0OUFELUUzREUtNDk5MC04RDlGLUNFMkI4ODZGMjU1RV8xXzEwNV9jLmpwZWcifQ%3D%3D\">\n\t\t\t\t\t\t\t<img fetchpriority=\"high\" decoding=\"async\" width=\"1024\" height=\"576\" src=\"https:\/\/advancedworks-dz.com\/wp-content\/uploads\/2026\/03\/1E6649AD-E3DE-4990-8D9F-CE2B886F255E_1_105_c-1024x576.jpeg\" class=\"attachment-large size-large wp-image-20\" alt=\"\" srcset=\"https:\/\/advancedworks-dz.com\/wp-content\/uploads\/2026\/03\/1E6649AD-E3DE-4990-8D9F-CE2B886F255E_1_105_c-1024x576.jpeg 1024w, https:\/\/advancedworks-dz.com\/wp-content\/uploads\/2026\/03\/1E6649AD-E3DE-4990-8D9F-CE2B886F255E_1_105_c-300x169.jpeg 300w, https:\/\/advancedworks-dz.com\/wp-content\/uploads\/2026\/03\/1E6649AD-E3DE-4990-8D9F-CE2B886F255E_1_105_c-768x432.jpeg 768w, https:\/\/advancedworks-dz.com\/wp-content\/uploads\/2026\/03\/1E6649AD-E3DE-4990-8D9F-CE2B886F255E_1_105_c.jpeg 1182w\" sizes=\"(max-width: 1024px) 100vw, 1024px\" \/>\t\t\t\t\t\t\t\t<\/a>\n\t\t\t\t\t\t\t\t\t\t\t\t\t\t\t<\/div>\n\t\t\t\t<div class=\"elementor-element elementor-element-22fa84c elementor-widget elementor-widget-heading\" data-id=\"22fa84c\" data-element_type=\"widget\" data-e-type=\"widget\" data-widget_type=\"heading.default\">\n\t\t\t\t\t<h2 class=\"elementor-heading-title elementor-size-default\">Terrassement<br>Excavation, nivellement et pr\u00e9paration\nde terrain pour projets de construction.<\/h2>\t\t\t\t<\/div>\n\t\t\t\t<\/div>\n\t\t<div class=\"elementor-element elementor-element-d6d7514 e-con-full e-flex e-con e-child\" data-id=\"d6d7514\" data-element_type=\"container\" data-e-type=\"container\">\n\t\t\t\t<div class=\"elementor-element elementor-element-875b2bd elementor-widget elementor-widget-image\" data-id=\"875b2bd\" data-element_type=\"widget\" data-e-type=\"widget\" data-widget_type=\"image.default\">\n\t\t\t\t\t\t\t\t\t\t\t\t\t\t\t\t<a href=\"http:\/\/radwjdv.cluster121.hosting.ovh.net\/wp-content\/uploads\/2026\/03\/1E892904-2EB5-4A3D-BB08-68D6064EC186_4_5005_c.jpeg\" data-elementor-open-lightbox=\"yes\" data-elementor-lightbox-title=\"1E892904-2EB5-4A3D-BB08-68D6064EC186_4_5005_c\" data-e-action-hash=\"#elementor-action%3Aaction%3Dlightbox%26settings%3DeyJpZCI6MjIsInVybCI6Imh0dHBzOlwvXC9hZHZhbmNlZHdvcmtzLWR6LmNvbVwvd3AtY29udGVudFwvdXBsb2Fkc1wvMjAyNlwvMDNcLzFFODkyOTA0LTJFQjUtNEEzRC1CQjA4LTY4RDYwNjRFQzE4Nl80XzUwMDVfYy5qcGVnIn0%3D\">\n\t\t\t\t\t\t\t<img decoding=\"async\" width=\"580\" height=\"326\" src=\"https:\/\/advancedworks-dz.com\/wp-content\/uploads\/2026\/03\/1E892904-2EB5-4A3D-BB08-68D6064EC186_4_5005_c.jpeg\" class=\"attachment-large size-large wp-image-22\" alt=\"\" srcset=\"https:\/\/advancedworks-dz.com\/wp-content\/uploads\/2026\/03\/1E892904-2EB5-4A3D-BB08-68D6064EC186_4_5005_c.jpeg 580w, https:\/\/advancedworks-dz.com\/wp-content\/uploads\/2026\/03\/1E892904-2EB5-4A3D-BB08-68D6064EC186_4_5005_c-300x169.jpeg 300w\" sizes=\"(max-width: 580px) 100vw, 580px\" \/>\t\t\t\t\t\t\t\t<\/a>\n\t\t\t\t\t\t\t\t\t\t\t\t\t\t\t<\/div>\n\t\t\t\t<div class=\"elementor-element elementor-element-bc3a318 elementor-widget elementor-widget-heading\" data-id=\"bc3a318\" data-element_type=\"widget\" data-e-type=\"widget\" data-widget_type=\"heading.default\">\n\t\t\t\t\t<h2 class=\"elementor-heading-title elementor-size-default\">Voirie et r\u00e9seaux divers (VRD)<br>R\u00e9alisation de voiries, r\u00e9seaux\nd\u2019assainissement et am\u00e9nagement urbain.<\/h2>\t\t\t\t<\/div>\n\t\t\t\t<\/div>\n\t\t<div class=\"elementor-element elementor-element-18e2f0d e-con-full e-flex e-con e-child\" data-id=\"18e2f0d\" data-element_type=\"container\" data-e-type=\"container\">\n\t\t\t\t<div class=\"elementor-element elementor-element-5e7ccd3 elementor-widget elementor-widget-image\" data-id=\"5e7ccd3\" data-element_type=\"widget\" data-e-type=\"widget\" data-widget_type=\"image.default\">\n\t\t\t\t\t\t\t\t\t\t\t\t\t\t\t\t<a href=\"http:\/\/radwjdv.cluster121.hosting.ovh.net\/wp-content\/uploads\/2026\/03\/1F7D3A97-F2EF-41BA-A7B1-BAC2C8005AA8_1_105_c.jpeg\" data-elementor-open-lightbox=\"yes\" data-elementor-lightbox-title=\"1F7D3A97-F2EF-41BA-A7B1-BAC2C8005AA8_1_105_c\" data-e-action-hash=\"#elementor-action%3Aaction%3Dlightbox%26settings%3DeyJpZCI6MjQsInVybCI6Imh0dHBzOlwvXC9hZHZhbmNlZHdvcmtzLWR6LmNvbVwvd3AtY29udGVudFwvdXBsb2Fkc1wvMjAyNlwvMDNcLzFGN0QzQTk3LUYyRUYtNDFCQS1BN0IxLUJBQzJDODAwNUFBOF8xXzEwNV9jLmpwZWcifQ%3D%3D\">\n\t\t\t\t\t\t\t<img decoding=\"async\" width=\"1024\" height=\"576\" src=\"https:\/\/advancedworks-dz.com\/wp-content\/uploads\/2026\/03\/1F7D3A97-F2EF-41BA-A7B1-BAC2C8005AA8_1_105_c-1024x576.jpeg\" class=\"attachment-large size-large wp-image-24\" alt=\"\" srcset=\"https:\/\/advancedworks-dz.com\/wp-content\/uploads\/2026\/03\/1F7D3A97-F2EF-41BA-A7B1-BAC2C8005AA8_1_105_c-1024x576.jpeg 1024w, https:\/\/advancedworks-dz.com\/wp-content\/uploads\/2026\/03\/1F7D3A97-F2EF-41BA-A7B1-BAC2C8005AA8_1_105_c-300x169.jpeg 300w, https:\/\/advancedworks-dz.com\/wp-content\/uploads\/2026\/03\/1F7D3A97-F2EF-41BA-A7B1-BAC2C8005AA8_1_105_c-768x432.jpeg 768w, https:\/\/advancedworks-dz.com\/wp-content\/uploads\/2026\/03\/1F7D3A97-F2EF-41BA-A7B1-BAC2C8005AA8_1_105_c.jpeg 1182w\" sizes=\"(max-width: 1024px) 100vw, 1024px\" \/>\t\t\t\t\t\t\t\t<\/a>\n\t\t\t\t\t\t\t\t\t\t\t\t\t\t\t<\/div>\n\t\t\t\t<div class=\"elementor-element elementor-element-2034686 elementor-widget elementor-widget-heading\" data-id=\"2034686\" data-element_type=\"widget\" data-e-type=\"widget\" data-widget_type=\"heading.default\">\n\t\t\t\t\t<h2 class=\"elementor-heading-title elementor-size-default\">Travaux hydrauliques<br>Installation de r\u00e9seaux d\u2019eau\net infrastructures hydrauliques.<\/h2>\t\t\t\t<\/div>\n\t\t\t\t<\/div>\n\t\t<div class=\"elementor-element elementor-element-1c1dcae e-con-full e-flex e-con e-child\" data-id=\"1c1dcae\" data-element_type=\"container\" data-e-type=\"container\">\n\t\t\t\t<div class=\"elementor-element elementor-element-7278f18 elementor-widget elementor-widget-image\" data-id=\"7278f18\" data-element_type=\"widget\" data-e-type=\"widget\" data-widget_type=\"image.default\">\n\t\t\t\t\t\t\t\t\t\t\t\t\t\t\t\t<a href=\"http:\/\/radwjdv.cluster121.hosting.ovh.net\/wp-content\/uploads\/2026\/03\/3BF09ED7-5548-40CF-9749-12993DB65BDD_1_201_a-scaled.jpeg\" data-elementor-open-lightbox=\"no\">\n\t\t\t\t\t\t\t<img loading=\"lazy\" decoding=\"async\" width=\"1024\" height=\"576\" src=\"https:\/\/advancedworks-dz.com\/wp-content\/uploads\/2026\/03\/3BF09ED7-5548-40CF-9749-12993DB65BDD_1_201_a-1024x576.jpeg\" class=\"attachment-large size-large wp-image-15\" alt=\"\" srcset=\"https:\/\/advancedworks-dz.com\/wp-content\/uploads\/2026\/03\/3BF09ED7-5548-40CF-9749-12993DB65BDD_1_201_a-1024x576.jpeg 1024w, https:\/\/advancedworks-dz.com\/wp-content\/uploads\/2026\/03\/3BF09ED7-5548-40CF-9749-12993DB65BDD_1_201_a-300x169.jpeg 300w, https:\/\/advancedworks-dz.com\/wp-content\/uploads\/2026\/03\/3BF09ED7-5548-40CF-9749-12993DB65BDD_1_201_a-768x432.jpeg 768w, https:\/\/advancedworks-dz.com\/wp-content\/uploads\/2026\/03\/3BF09ED7-5548-40CF-9749-12993DB65BDD_1_201_a-1536x864.jpeg 1536w, https:\/\/advancedworks-dz.com\/wp-content\/uploads\/2026\/03\/3BF09ED7-5548-40CF-9749-12993DB65BDD_1_201_a-2048x1152.jpeg 2048w\" sizes=\"(max-width: 1024px) 100vw, 1024px\" \/>\t\t\t\t\t\t\t\t<\/a>\n\t\t\t\t\t\t\t\t\t\t\t\t\t\t\t<\/div>\n\t\t\t\t<div class=\"elementor-element elementor-element-7ecb2ed elementor-widget elementor-widget-heading\" data-id=\"7ecb2ed\" data-element_type=\"widget\" data-e-type=\"widget\" data-widget_type=\"heading.default\">\n\t\t\t\t\t<h2 class=\"elementor-heading-title elementor-size-default\">Construction et infrastructures<br>R\u00e9alisation de projets de construction\net d\u2019infrastructures publiques et priv\u00e9es.<\/h2>\t\t\t\t<\/div>\n\t\t\t\t<\/div>\n\t\t\t\t\t<\/div>\n\t\t\t\t<\/div>\n\t\t<div class=\"elementor-element elementor-element-8ce7c20 e-flex e-con-boxed e-con e-parent\" data-id=\"8ce7c20\" data-element_type=\"container\" data-e-type=\"container\">\n\t\t\t\t\t<div class=\"e-con-inner\">\n\t\t\t\t<div class=\"elementor-element elementor-element-fe08902 elementor-align-center elementor-widget elementor-widget-button\" data-id=\"fe08902\" data-element_type=\"widget\" data-e-type=\"widget\" data-widget_type=\"button.default\">\n\t\t\t\t\t\t\t\t\t\t<a class=\"elementor-button elementor-button-link elementor-size-sm\" href=\"#\/contact\">\n\t\t\t\t\t\t<span class=\"elementor-button-content-wrapper\">\n\t\t\t\t\t\t\t\t\t<span class=\"elementor-button-text\">Demander un devis<\/span>\n\t\t\t\t\t<\/span>\n\t\t\t\t\t<\/a>\n\t\t\t\t\t\t\t\t<\/div>\n\t\t\t\t\t<\/div>\n\t\t\t\t<\/div>\n\t\t<div class=\"elementor-element elementor-element-5dc13aa e-flex e-con-boxed e-con e-parent\" data-id=\"5dc13aa\" data-element_type=\"container\" data-e-type=\"container\">\n\t\t\t\t\t<div class=\"e-con-inner\">\n\t\t\t\t<div class=\"elementor-element elementor-element-50ac327 elementor-widget elementor-widget-heading\" data-id=\"50ac327\" data-element_type=\"widget\" data-e-type=\"widget\" data-widget_type=\"heading.default\">\n\t\t\t\t\t<h2 class=\"elementor-heading-title elementor-size-default\">Advanced Works Company met son expertise et ses \u00e9quipements\nau service des projets publics et priv\u00e9s.<\/h2>\t\t\t\t<\/div>\n\t\t\t\t\t<\/div>\n\t\t\t\t<\/div>\n\t\t\t\t<\/div>\n\t\t","protected":false},"excerpt":{"rendered":"<p>Nos services Advanced Works Company intervient dans les travaux publics, le terrassement, les r\u00e9seaux VRD et les infrastructures. TerrassementExcavation, nivellement [&hellip;]<\/p>\n","protected":false},"author":1,"featured_media":0,"parent":0,"menu_order":0,"comment_status":"closed","ping_status":"closed","template":"","meta":{"site-sidebar-layout":"no-sidebar","site-content-layout":"","ast-site-content-layout":"full-width-container","site-content-style":"default","site-sidebar-style":"default","ast-global-header-display":"","ast-banner-title-visibility":"","ast-main-header-display":"","ast-hfb-above-header-display":"","ast-hfb-below-header-display":"","ast-hfb-mobile-header-display":"","site-post-title":"disabled","ast-breadcrumbs-content":"","ast-featured-img":"disabled","footer-sml-layout":"","ast-disable-related-posts":"","theme-transparent-header-meta":"","adv-header-id-meta":"","stick-header-meta":"","header-above-stick-meta":"","header-main-stick-meta":"","header-below-stick-meta":"","astra-migrate-meta-layouts":"default","ast-page-background-enabled":"default","ast-page-background-meta":{"desktop":{"background-color":"var(--ast-global-color-5)","background-image":"","background-repeat":"repeat","background-position":"center center","background-size":"auto","background-attachment":"scroll","background-type":"","background-media":"","overlay-type":"","overlay-color":"","overlay-opacity":"","overlay-gradient":""},"tablet":{"background-color":"","background-image":"","background-repeat":"repeat","background-position":"center center","background-size":"auto","background-attachment":"scroll","background-type":"","background-media":"","overlay-type":"","overlay-color":"","overlay-opacity":"","overlay-gradient":""},"mobile":{"background-color":"","background-image":"","background-repeat":"repeat","background-position":"center center","background-size":"auto","background-attachment":"scroll","background-type":"","background-media":"","overlay-type":"","overlay-color":"","overlay-opacity":"","overlay-gradient":""}},"ast-content-background-meta":{"desktop":{"background-color":"var(--ast-global-color-4)","background-image":"","background-repeat":"repeat","background-position":"center center","background-size":"auto","background-attachment":"scroll","background-type":"","background-media":"","overlay-type":"","overlay-color":"","overlay-opacity":"","overlay-gradient":""},"tablet":{"background-color":"var(--ast-global-color-4)","background-image":"","background-repeat":"repeat","background-position":"center center","background-size":"auto","background-attachment":"scroll","background-type":"","background-media":"","overlay-type":"","overlay-color":"","overlay-opacity":"","overlay-gradient":""},"mobile":{"background-color":"var(--ast-global-color-4)","background-image":"","background-repeat":"repeat","background-position":"center center","background-size":"auto","background-attachment":"scroll","background-type":"","background-media":"","overlay-type":"","overlay-color":"","overlay-opacity":"","overlay-gradient":""}},"footnotes":""},"class_list":["post-65","page","type-page","status-publish","hentry"],"_links":{"self":[{"href":"https:\/\/advancedworks-dz.com\/index.php\/wp-json\/wp\/v2\/pages\/65","targetHints":{"allow":["GET"]}}],"collection":[{"href":"https:\/\/advancedworks-dz.com\/index.php\/wp-json\/wp\/v2\/pages"}],"about":[{"href":"https:\/\/advancedworks-dz.com\/index.php\/wp-json\/wp\/v2\/types\/page"}],"author":[{"embeddable":true,"href":"https:\/\/advancedworks-dz.com\/index.php\/wp-json\/wp\/v2\/users\/1"}],"replies":[{"embeddable":true,"href":"https:\/\/advancedworks-dz.com\/index.php\/wp-json\/wp\/v2\/comments?post=65"}],"version-history":[{"count":10,"href":"https:\/\/advancedworks-dz.com\/index.php\/wp-json\/wp\/v2\/pages\/65\/revisions"}],"predecessor-version":[{"id":80,"href":"https:\/\/advancedworks-dz.com\/index.php\/wp-json\/wp\/v2\/pages\/65\/revisions\/80"}],"wp:attachment":[{"href":"https:\/\/advancedworks-dz.com\/index.php\/wp-json\/wp\/v2\/media?parent=65"}],"curies":[{"name":"wp","href":"https:\/\/api.w.org\/{rel}","templated":true}]}}